{"id":837,"date":"2022-12-14T19:34:01","date_gmt":"2022-12-14T19:34:01","guid":{"rendered":"https:\/\/aqualie.org.br\/?page_id=837"},"modified":"2024-08-13T17:58:09","modified_gmt":"2024-08-13T17:58:09","slug":"velejando-pela-toninha","status":"publish","type":"page","link":"https:\/\/aqualie.org.br\/index.php\/projetos\/velejando-pela-toninha\/","title":{"rendered":"Velejando pela Toninha"},"content":{"rendered":"<p><div class=\"fusion-fullwidth fullwidth-box fusion-builder-row-1 fusion-flex-container video-background has-pattern-background has-mask-background hundred-percent-fullwidth non-hundred-percent-height-scrolling fusion-animated\" style=\"--awb-border-radius-top-left:0px;--awb-border-radius-top-right:0px;--awb-border-radius-bottom-right:0px;--awb-border-radius-bottom-left:0px;--awb-margin-top:-60px;--awb-min-height:400px;--awb-flex-wrap:wrap;\" data-animationType=\"fadeIn\" data-animationDuration=\"1.3\" data-animationOffset=\"top-into-view\" ><div class=\"fullwidth-video-image\" style=\"background-image:url(https:\/\/aqualie.org.br\/wp-content\/uploads\/2022\/12\/banner-video-image.webp);\"><\/div><div class=\"fullwidth-video\"><video preload=\"auto\" autoplay playsinline loop muted><source src=\"https:\/\/aqualie.org.br\/wp-content\/uploads\/2022\/12\/Toninha-Banner-Sobrevoo.webm\" type=\"video\/webm\"><\/video><\/div><div class=\"fusion-builder-row fusion-row fusion-flex-align-items-flex-start fusion-flex-align-content-flex-end fusion-flex-content-wrap\" style=\"width:104% !important;max-width:104% !important;margin-left: calc(-4% \/ 2 );margin-right: calc(-4% \/ 2 );\"><div class=\"fusion-layout-column fusion_builder_column fusion-builder-column-0 fusion_builder_column_1_1 1_1 fusion-flex-column\" style=\"--awb-bg-size:cover;--awb-width-large:100%;--awb-margin-top-large:20px;--awb-spacing-right-large:1.92%;--awb-margin-bottom-large:20px;--awb-spacing-left-large:1.92%;--awb-width-medium:100%;--awb-order-medium:0;--awb-spacing-right-medium:1.92%;--awb-spacing-left-medium:1.92%;--awb-width-small:100%;--awb-order-small:0;--awb-spacing-right-small:1.92%;--awb-spacing-left-small:1.92%;\"><div class=\"fusion-column-wrapper fusion-column-has-shadow fusion-flex-justify-content-flex-start fusion-content-layout-column\"><div class=\"fusion-separator\" style=\"align-self: flex-start;margin-right:auto;width:100%;max-width:200px;\"><div class=\"fusion-separator-border sep-single sep-solid\" style=\"--awb-height:20px;--awb-amount:20px;--awb-sep-color:#ffffff;border-color:#ffffff;border-top-width:6px;\"><\/div><\/div><div class=\"fusion-title title fusion-title-1 fusion-sep-none fusion-title-text fusion-title-size-two\" style=\"--awb-text-color:#ffffff;--awb-font-size:42px;\"><h2 class=\"fusion-title-heading title-heading-left\" style=\"font-family:&quot;Work Sans&quot;;font-style:normal;font-weight:700;margin:0;font-size:1em;\">Velejando pelas Toninhas<\/h2><\/div><\/div><\/div><\/div><\/div><div class=\"fusion-fullwidth fullwidth-box fusion-builder-row-2 fusion-flex-container has-pattern-background has-mask-background nonhundred-percent-fullwidth non-hundred-percent-height-scrolling fusion-animated\" style=\"--awb-border-radius-top-left:0px;--awb-border-radius-top-right:0px;--awb-border-radius-bottom-right:0px;--awb-border-radius-bottom-left:0px;--awb-padding-top:30px;--awb-flex-wrap:wrap;\" data-animationType=\"fadeIn\" data-animationDuration=\"1.3\" data-animationOffset=\"top-into-view\" ><div class=\"fusion-builder-row fusion-row fusion-flex-align-items-center fusion-flex-justify-content-center fusion-flex-content-wrap\" style=\"max-width:1248px;margin-left: calc(-4% \/ 2 );margin-right: calc(-4% \/ 2 );\"><div class=\"fusion-layout-column fusion_builder_column fusion-builder-column-1 fusion_builder_column_5_6 5_6 fusion-flex-column\" style=\"--awb-bg-size:cover;--awb-width-large:83.333333333333%;--awb-margin-top-large:0px;--awb-spacing-right-large:2.304%;--awb-margin-bottom-large:20px;--awb-spacing-left-large:2.304%;--awb-width-medium:83.333333333333%;--awb-order-medium:0;--awb-spacing-right-medium:2.304%;--awb-spacing-left-medium:2.304%;--awb-width-small:100%;--awb-order-small:0;--awb-spacing-right-small:1.92%;--awb-spacing-left-small:1.92%;\"><div class=\"fusion-column-wrapper fusion-column-has-shadow fusion-flex-justify-content-flex-start fusion-content-layout-column\"><div class=\"fusion-text fusion-text-1\" style=\"--awb-content-alignment:center;\"><p style=\"font-family: 'Open Sans'; font-weight: 500;\" data-fusion-font=\"true\" data-fusion-google-font=\"Open Sans\" data-fusion-google-variant=\"500\">A toninha (Pontoporia blainvillei) habita ambientes costeiros ao longo das costas do Brasil, Uruguai e Argentina. Esta esp\u00e9cie \u00e9 considerada o cet\u00e1ceo mais amea\u00e7ado de extin\u00e7\u00e3o no Oceano Atl\u00e2ntico Sul Ocidental devido aos altos n\u00edveis de capturas acidentais em redes de pesca e outras amea\u00e7as. Neste projeto, levantamentos ac\u00fasticos passivos em um veleiro de 40 p\u00e9s foram conduzidos para investigar a distribui\u00e7\u00e3o desta esp\u00e9cie na regi\u00e3o norte do estado do Rio de Janeiro, onde ocorre uma das popula\u00e7\u00f5es de toninha menos conhecida.<\/p>\n<\/div><\/div><\/div><\/div><\/div><div class=\"fusion-fullwidth fullwidth-box fusion-builder-row-3 fusion-flex-container hundred-percent-fullwidth non-hundred-percent-height-scrolling\" style=\"--link_hover_color: var(--awb-color4);--link_color: var(--awb-color4);--awb-border-sizes-top:0px;--awb-border-sizes-bottom:0px;--awb-border-sizes-left:0px;--awb-border-sizes-right:0px;--awb-border-color:var(--awb-color6);--awb-border-radius-top-left:0px;--awb-border-radius-top-right:0px;--awb-border-radius-bottom-right:0px;--awb-border-radius-bottom-left:0px;--awb-padding-top:90px;--awb-padding-right:90px;--awb-padding-bottom:90px;--awb-padding-left:90px;--awb-padding-top-small:30px;--awb-padding-right-small:30px;--awb-padding-bottom-small:30px;--awb-padding-left-small:30px;--awb-margin-top:0px;--awb-margin-bottom:0px;--awb-background-color:var(--awb-color3);--awb-flex-wrap:wrap;\" ><div class=\"fusion-builder-row fusion-row fusion-flex-align-items-stretch fusion-flex-justify-content-center fusion-flex-content-wrap\" style=\"width:calc( 100% + 0px ) !important;max-width:calc( 100% + 0px ) !important;margin-left: calc(-0px \/ 2 );margin-right: calc(-0px \/ 2 );\"><div class=\"fusion-layout-column fusion_builder_column fusion-builder-column-2 fusion_builder_column_1_2 1_2 fusion-flex-column fusion-animated\" style=\"--awb-padding-top:200px;--awb-padding-right:70px;--awb-padding-bottom:200px;--awb-padding-left:70px;--awb-padding-top-small:36px;--awb-padding-right-small:36px;--awb-padding-bottom-small:36px;--awb-padding-left-small:36px;--awb-bg-color:var(--awb-color4);--awb-bg-color-hover:var(--awb-color4);--awb-bg-image:linear-gradient(180deg, rgba(136,184,93,0.34) 23%,rgba(136,184,93,0.34) 100%),url(https:\/\/aqualie.org.br\/wp-content\/uploads\/2022\/12\/img-destaque.webp);;--awb-bg-position:left center;--awb-bg-size:cover;--awb-width-large:50%;--awb-margin-top-large:0px;--awb-spacing-right-large:calc( 0.04 * calc( 100% - 0 ) );--awb-margin-bottom-large:0px;--awb-spacing-left-large:0px;--awb-width-medium:100%;--awb-order-medium:0;--awb-spacing-right-medium:calc( 0.02 * calc( 100% - 0 ) );--awb-spacing-left-medium:0px;--awb-width-small:100%;--awb-order-small:0;--awb-spacing-right-small:0px;--awb-margin-bottom-small:0px;--awb-spacing-left-small:0px;\" data-animationType=\"fadeInUp\" data-animationDuration=\"1.3\" data-animationOffset=\"top-into-view\"><div class=\"fusion-column-wrapper fusion-column-has-shadow fusion-flex-justify-content-space-between fusion-content-layout-column fusion-column-has-bg-image\" data-bg-url=\"https:\/\/aqualie.org.br\/wp-content\/uploads\/2022\/12\/img-destaque.webp\"><div class=\"fusion-title title fusion-title-2 fusion-sep-none fusion-title-text fusion-title-size-two\" style=\"--awb-margin-bottom:30px;--awb-margin-bottom-small:50px;--awb-margin-bottom-medium:60px;--awb-sep-color:var(--awb-color6);--awb-font-size:44px;\"><h2 class=\"fusion-title-heading title-heading-left fusion-responsive-typography-calculated\" style=\"font-family:&quot;Open Sans&quot;;font-style:normal;font-weight:700;margin:0;font-size:1em;--fontSize:44;line-height:var(--awb-typography1-line-height);\">Menor impacto ao comportamento dos cet\u00e1ceos.<\/h2><\/div><\/div><\/div><div class=\"fusion-layout-column fusion_builder_column fusion-builder-column-3 fusion_builder_column_1_2 1_2 fusion-flex-column fusion-animated\" style=\"--awb-padding-top:40px;--awb-padding-right:80px;--awb-padding-bottom:41px;--awb-padding-left:80px;--awb-padding-top-small:36px;--awb-padding-right-small:36px;--awb-padding-bottom-small:36px;--awb-padding-left-small:36px;--awb-bg-color:var(--awb-color1);--awb-bg-color-hover:var(--awb-color1);--awb-bg-image:linear-gradient(135deg, var(--awb-color1) 94%,rgba(255,255,255,0) 84%);--awb-bg-size:cover;--awb-width-large:50%;--awb-margin-top-large:0px;--awb-spacing-right-large:0px;--awb-margin-bottom-large:0px;--awb-spacing-left-large:calc( 0.04 * calc( 100% - 0 ) );--awb-width-medium:100%;--awb-order-medium:0;--awb-spacing-right-medium:0px;--awb-spacing-left-medium:calc( 0.02 * calc( 100% - 0 ) );--awb-width-small:100%;--awb-order-small:0;--awb-spacing-right-small:0px;--awb-spacing-left-small:0px;\" data-animationType=\"fadeInUp\" data-animationDuration=\"1.3\" data-animationOffset=\"top-into-view\"><div class=\"fusion-column-wrapper fusion-column-has-shadow fusion-flex-justify-content-flex-start fusion-content-layout-column\"><div class=\"fusion-text fusion-text-2\"><p data-fusion-font=\"true\" data-fusion-google-font=\"Open Sans\" data-fusion-google-variant=\"600\" style=\"text-align: justify; font-family: 'Open Sans'; font-weight: 600; color: var(--awb-color8);\">No m\u00eas de dezembro de 2016 e novamente em junho de 2017, uma equipe de pesquisadores do Instituto Aqualie partiu do Yacht Clube de Buzios, RJ, a bordo do veleiro Kahuna I, para estudar as toninhas.<\/p>\n<p data-fusion-font=\"true\" data-fusion-google-font=\"Open Sans\" data-fusion-google-variant=\"600\" style=\"text-align: justify; font-family: 'Open Sans'; font-weight: 600; color: var(--awb-color8);\">Os veleiros s\u00e3o embarca\u00e7\u00f5es que se propulsionam atrav\u00e9s das correntes de ventos. Essa caracter\u00edstica \u00e9 bastante vantajosa em pesquisas onde a esp\u00e9cie alvo, como a Toninha, \u00e9 sens\u00edvel \u00e0 embarca\u00e7\u00f5es mais ruidosas e tende a se evadir dos locais ou manter um comportamento ainda mais cr\u00edptico, podendo comprometer certos tipos de an\u00e1lises.<\/p>\n<p data-fusion-font=\"true\" data-fusion-google-font=\"Open Sans\" data-fusion-google-variant=\"600\" style=\"text-align: justify; font-family: 'Open Sans'; font-weight: 600; color: var(--awb-color8);\">O projeto navegou por \u00e1reas costeiras nas proximidades do Parque Nacional de Jurubatiba, RJ. O Parque foi criado principalmente para prote\u00e7\u00e3o do sens\u00edvel ecossistema de restinga que \u00e9 exuberante nessa regi\u00e3o. Essa localidade apresenta destaque dada a ocorr\u00eancia de toninha nas \u00e1reas costeiras. Por\u00e9m, os limites Parque n\u00e3o abrange a \u00e1rea marinha, dessa forma n\u00e3o podendo atuar e coordenar diretamente estrat\u00e9gias para a conserva\u00e7\u00e3o das toninhas ou defini-las no seu plano de a\u00e7\u00e3o.<\/p>\n<\/div><\/div><\/div><\/div><\/div><div class=\"fusion-fullwidth fullwidth-box fusion-builder-row-4 fusion-flex-container has-pattern-background has-mask-background nonhundred-percent-fullwidth non-hundred-percent-height-scrolling\" style=\"--awb-border-radius-top-left:0px;--awb-border-radius-top-right:0px;--awb-border-radius-bottom-right:0px;--awb-border-radius-bottom-left:0px;--awb-padding-top:20px;--awb-background-color:#ffffff;--awb-flex-wrap:wrap;\" ><div class=\"fusion-builder-row fusion-row fusion-flex-align-items-flex-start fusion-flex-content-wrap\" style=\"max-width:1248px;margin-left: calc(-4% \/ 2 );margin-right: calc(-4% \/ 2 );\"><div class=\"fusion-layout-column fusion_builder_column fusion-builder-column-4 fusion_builder_column_1_1 1_1 fusion-flex-column\" style=\"--awb-bg-color:#ffffff;--awb-bg-color-hover:#ffffff;--awb-bg-size:cover;--awb-width-large:100%;--awb-margin-top-large:0px;--awb-spacing-right-large:1.92%;--awb-margin-bottom-large:20px;--awb-spacing-left-large:1.92%;--awb-width-medium:100%;--awb-order-medium:0;--awb-spacing-right-medium:1.92%;--awb-spacing-left-medium:1.92%;--awb-width-small:100%;--awb-order-small:0;--awb-spacing-right-small:1.92%;--awb-spacing-left-small:1.92%;\"><div class=\"fusion-column-wrapper fusion-column-has-shadow fusion-flex-justify-content-flex-start fusion-content-layout-column\"><div class=\"fusion-builder-row fusion-builder-row-inner fusion-row fusion-flex-align-items-flex-start fusion-flex-content-wrap\" style=\"width:104% !important;max-width:104% !important;margin-left: calc(-4% \/ 2 );margin-right: calc(-4% \/ 2 );\"><div class=\"fusion-layout-column fusion_builder_column_inner fusion-builder-nested-column-0 fusion-flex-column fusion-flex-align-self-stretch fusion-animated\" style=\"--awb-padding-top:36px;--awb-padding-right:36px;--awb-padding-bottom:36px;--awb-padding-left:36px;--awb-bg-color:#ffffff;--awb-bg-color-hover:#ffffff;--awb-bg-size:cover;--awb-width-large:35%;--awb-margin-top-large:0px;--awb-spacing-right-large:0px;--awb-margin-bottom-large:0px;--awb-spacing-left-large:0px;--awb-width-medium:50%;--awb-order-medium:0;--awb-spacing-right-medium:0px;--awb-spacing-left-medium:0px;--awb-width-small:100%;--awb-order-small:0;--awb-spacing-right-small:1.92%;--awb-spacing-left-small:1.92%;\" data-animationType=\"fadeInLeft\" data-animationDuration=\"1.3\" data-animationOffset=\"top-into-view\"><div class=\"fusion-column-wrapper fusion-column-has-shadow fusion-flex-justify-content-space-between fusion-content-layout-column\"><div class=\"fusion-title title fusion-title-3 fusion-sep-none fusion-title-text fusion-title-size-div\" style=\"--awb-text-color:#2b3d30;--awb-margin-bottom:8px;--awb-font-size:13px;\"><div class=\"fusion-title-heading title-heading-left title-heading-tag fusion-responsive-typography-calculated\" style=\"font-family:&quot;Work Sans&quot;;font-style:normal;font-weight:500;margin:0;font-size:1em;letter-spacing:1px;text-transform:uppercase;--fontSize:13;--minFontSize:13;line-height:1.38;\">aquisi\u00e7\u00e3o e dist\u00e2ncias<\/div><\/div><div class=\"fusion-title title fusion-title-4 fusion-sep-none fusion-title-text fusion-title-size-two\" style=\"--awb-text-color:#2b3d30;--awb-margin-bottom-small:32px;--awb-font-size:60px;\"><h2 class=\"fusion-title-heading title-heading-left fusion-responsive-typography-calculated\" style=\"font-family:&quot;Work Sans&quot;;font-style:normal;font-weight:300;margin:0;font-size:1em;letter-spacing:-0.065rem;text-transform:var(--awb-typography1-text-transform);--fontSize:60;line-height:1.07;\">157,36nm<\/p>\n<p>89 cadeias<\/p><\/h2><\/div><div class=\"fusion-text fusion-text-3\" style=\"--awb-font-size:18px;--awb-line-height:1.5em;--awb-letter-spacing:-0.006em;--awb-text-transform:var(--awb-typography4-text-transform);--awb-text-color:#2b3d30;--awb-text-font-family:&quot;Work Sans&quot;;--awb-text-font-style:normal;--awb-text-font-weight:400;\"><p style=\"text-align: justify; \">Um total de 157,36nm (37,33nm em 2016 e 120,03nm em 2017) de linhas ac\u00fasticas foram navegadas. As grava\u00e7\u00f5es ocorreram durante o dia e a noite em condi\u00e7\u00f5es de mar inferiores ou iguais a Beaufort 4. A grava\u00e7\u00e3o cont\u00ednua foi realizada com sistema compat\u00edvel (Auset\u00ae) para a grava\u00e7\u00e3o dos sinais pulsados (ecolocaliza\u00e7\u00e3o) de toninha que ocorrem na faixa dos 135kHz. Foram detectadas 89 cadeias de cliques de ecolocaliza\u00e7\u00e3o (32 em 2016 e 57 em 2017).<\/p>\n<\/div><\/div><\/div><div class=\"fusion-layout-column fusion_builder_column_inner fusion-builder-nested-column-1 fusion-flex-column fusion-flex-align-self-stretch fusion-animated\" style=\"--awb-padding-top-small:100px;--awb-padding-bottom-small:100px;--awb-overflow:hidden;--awb-bg-image:url(&#039;https:\/\/aqualie.org.br\/wp-content\/uploads\/2022\/12\/spec-toninha.webp&#039;);--awb-bg-position:left bottom;--awb-bg-size:cover;--awb-border-radius:5px 5px 5px 5px;--awb-width-large:65%;--awb-margin-top-large:0px;--awb-spacing-right-large:0px;--awb-margin-bottom-large:0px;--awb-spacing-left-large:0px;--awb-width-medium:50%;--awb-order-medium:0;--awb-spacing-right-medium:0px;--awb-spacing-left-medium:0px;--awb-width-small:100%;--awb-order-small:0;--awb-spacing-right-small:1.92%;--awb-spacing-left-small:1.92%;\" data-animationType=\"fadeInRight\" data-animationDuration=\"1.3\" data-animationOffset=\"top-into-view\"><div class=\"fusion-column-wrapper fusion-column-has-shadow fusion-flex-justify-content-flex-start fusion-content-layout-column fusion-empty-column-bg-image fusion-column-has-bg-image\" data-bg-url=\"https:\/\/aqualie.org.br\/wp-content\/uploads\/2022\/12\/spec-toninha.webp\"><img decoding=\"async\" class=\"fusion-empty-dims-img-placeholder\" aria-label=\"spec-toninha\" src=\"data:image\/svg+xml,%3Csvg%20xmlns%3D%27http%3A%2F%2Fwww.w3.org%2F2000%2Fsvg%27%20width%3D%271067%27%20height%3D%27667%27%20viewBox%3D%270%200%201067%20667%27%3E%3Crect%20width%3D%271067%27%20height%3D%27667%27%20fill-opacity%3D%220%22%2F%3E%3C%2Fsvg%3E\"><\/div><\/div><\/div><\/div><\/div><\/div><\/div><div class=\"fusion-fullwidth fullwidth-box fusion-builder-row-5 fusion-flex-container nonhundred-percent-fullwidth non-hundred-percent-height-scrolling\" style=\"--link_hover_color: #7a55aa;--link_color: #7a55aa;--awb-border-sizes-top:0px;--awb-border-sizes-bottom:0px;--awb-border-sizes-left:0px;--awb-border-sizes-right:0px;--awb-border-color:#f6f6f4;--awb-border-radius-top-left:0px;--awb-border-radius-top-right:0px;--awb-border-radius-bottom-right:0px;--awb-border-radius-bottom-left:0px;--awb-padding-top:80px;--awb-padding-right:30px;--awb-padding-bottom:80px;--awb-padding-left:30px;--awb-padding-top-small:45px;--awb-padding-bottom-small:45px;--awb-margin-top:0px;--awb-margin-bottom:-60px;--awb-background-color:var(--awb-color3);--awb-flex-wrap:wrap;\" ><div class=\"fusion-builder-row fusion-row fusion-flex-align-items-center fusion-flex-content-wrap\" style=\"max-width:1296px;margin-left: calc(-8% \/ 2 );margin-right: calc(-8% \/ 2 );\"><div class=\"fusion-layout-column fusion_builder_column fusion-builder-column-5 fusion-flex-column fusion-animated\" style=\"--awb-bg-size:cover;--awb-width-large:45%;--awb-margin-top-large:0px;--awb-spacing-right-large:8.1777777777778%;--awb-margin-bottom-large:0px;--awb-spacing-left-large:8.1777777777778%;--awb-width-medium:40%;--awb-order-medium:0;--awb-spacing-right-medium:9.2%;--awb-spacing-left-medium:9.2%;--awb-width-small:100%;--awb-order-small:0;--awb-spacing-right-small:3.68%;--awb-margin-bottom-small:55px;--awb-spacing-left-small:3.68%;\" data-animationType=\"fadeInLeft\" data-animationDuration=\"1.3\" data-animationOffset=\"top-into-view\"><div class=\"fusion-column-wrapper fusion-column-has-shadow fusion-flex-justify-content-flex-start fusion-content-layout-column\"><div class=\"fusion-image-element \" style=\"--awb-caption-title-font-family:var(--h2_typography-font-family);--awb-caption-title-font-weight:var(--h2_typography-font-weight);--awb-caption-title-font-style:var(--h2_typography-font-style);--awb-caption-title-size:var(--h2_typography-font-size);--awb-caption-title-transform:var(--h2_typography-text-transform);--awb-caption-title-line-height:var(--h2_typography-line-height);--awb-caption-title-letter-spacing:var(--h2_typography-letter-spacing);\"><span class=\" fusion-imageframe imageframe-none imageframe-1 hover-type-none\"><a href=\"https:\/\/aqualie.org.br\/wp-content\/uploads\/2022\/12\/map_toninha-1024x571-1.jpeg\" class=\"fusion-lightbox\" data-rel=\"iLightbox[2168e15cfaa57c66250]\" data-title=\"map_toninha-1024&#215;571-1\" title=\"map_toninha-1024&#215;571-1\"><img decoding=\"async\" width=\"1024\" height=\"571\" src=\"https:\/\/aqualie.org.br\/wp-content\/uploads\/2022\/12\/map_toninha-1024x571-1.jpeg\" alt class=\"img-responsive wp-image-865\" srcset=\"https:\/\/aqualie.org.br\/wp-content\/uploads\/2022\/12\/map_toninha-1024x571-1-200x112.jpeg 200w, https:\/\/aqualie.org.br\/wp-content\/uploads\/2022\/12\/map_toninha-1024x571-1-400x223.jpeg 400w, https:\/\/aqualie.org.br\/wp-content\/uploads\/2022\/12\/map_toninha-1024x571-1-600x335.jpeg 600w, https:\/\/aqualie.org.br\/wp-content\/uploads\/2022\/12\/map_toninha-1024x571-1-800x446.jpeg 800w, https:\/\/aqualie.org.br\/wp-content\/uploads\/2022\/12\/map_toninha-1024x571-1.jpeg 1024w\" sizes=\"(max-width: 640px) 100vw, 600px\" \/><\/a><\/span><\/div><\/div><\/div><div class=\"fusion-layout-column fusion_builder_column fusion-builder-column-6 fusion-flex-column fusion-animated\" style=\"--awb-bg-size:cover;--awb-width-large:55%;--awb-margin-top-large:0px;--awb-spacing-right-large:6.6909090909091%;--awb-margin-bottom-large:0px;--awb-spacing-left-large:6.6909090909091%;--awb-width-medium:60%;--awb-order-medium:0;--awb-spacing-right-medium:6.1333333333333%;--awb-spacing-left-medium:6.1333333333333%;--awb-width-small:100%;--awb-order-small:0;--awb-spacing-right-small:3.68%;--awb-spacing-left-small:3.68%;\" data-animationType=\"fadeInRight\" data-animationDuration=\"1.3\" data-animationOffset=\"top-into-view\"><div class=\"fusion-column-wrapper fusion-column-has-shadow fusion-flex-justify-content-flex-start fusion-content-layout-column\"><div class=\"fusion-title title fusion-title-5 fusion-sep-none fusion-title-text fusion-title-size-three\" style=\"--awb-text-color:#000000;--awb-margin-bottom:60px;--awb-margin-bottom-small:40px;--awb-font-size:45px;\"><h3 class=\"fusion-title-heading title-heading-left fusion-responsive-typography-calculated\" style=\"font-family:&quot;Urbanist&quot;;font-style:normal;font-weight:300;margin:0;font-size:1em;text-transform:var(--awb-typography1-text-transform);--fontSize:45;line-height:1.2;\"><div style=\"text-align: center;\"><span style=\"font-size: 1em; font-style: var(--h3_typography-font-style,normal); letter-spacing: 0px; text-transform: var(--awb-typography1-text-transform);\">As toninhas apresentaram uma distribui\u00e7\u00e3o agregada em toda a \u00e1rea da pesquisa<\/span><\/div><\/h3><\/div><div class=\"fusion-separator fusion-full-width-sep\" style=\"align-self: center;margin-left: auto;margin-right: auto;width:100%;\"><div class=\"fusion-separator-border sep-single sep-solid\" style=\"--awb-height:20px;--awb-amount:20px;--awb-sep-color:rgba(26,18,38,0.2);border-color:rgba(26,18,38,0.2);border-top-width:1px;\"><\/div><\/div><div class=\"fusion-text fusion-text-4\"><p style=\"text-align: center; font-family: 'Open Sans'; font-weight: 500;\" data-fusion-font=\"true\" data-fusion-google-font=\"Open Sans\" data-fusion-google-variant=\"500\">Os resultados deste estudo sugerem que os levantamentos ac\u00fasticos de veleiros s\u00e3o vi\u00e1veis para avaliar a distribui\u00e7\u00e3o de franciscanas e podem, em um futuro pr\u00f3ximo, fornecer uma metodologia alternativa, barata e eficaz para estimar a abund\u00e2ncia dessa esp\u00e9cie.<\/p>\n<\/div><\/div><\/div><\/div><\/div><\/p>\n","protected":false},"excerpt":{"rendered":"","protected":false},"author":1,"featured_media":845,"parent":597,"menu_order":0,"comment_status":"closed","ping_status":"closed","template":"100-width.php","meta":{"_acf_changed":false,"inline_featured_image":false,"footnotes":""},"class_list":["post-837","page","type-page","status-publish","has-post-thumbnail","hentry"],"acf":[],"aioseo_notices":[],"_links":{"self":[{"href":"https:\/\/aqualie.org.br\/index.php\/wp-json\/wp\/v2\/pages\/837","targetHints":{"allow":["GET"]}}],"collection":[{"href":"https:\/\/aqualie.org.br\/index.php\/wp-json\/wp\/v2\/pages"}],"about":[{"href":"https:\/\/aqualie.org.br\/index.php\/wp-json\/wp\/v2\/types\/page"}],"author":[{"embeddable":true,"href":"https:\/\/aqualie.org.br\/index.php\/wp-json\/wp\/v2\/users\/1"}],"replies":[{"embeddable":true,"href":"https:\/\/aqualie.org.br\/index.php\/wp-json\/wp\/v2\/comments?post=837"}],"version-history":[{"count":29,"href":"https:\/\/aqualie.org.br\/index.php\/wp-json\/wp\/v2\/pages\/837\/revisions"}],"predecessor-version":[{"id":1526,"href":"https:\/\/aqualie.org.br\/index.php\/wp-json\/wp\/v2\/pages\/837\/revisions\/1526"}],"up":[{"embeddable":true,"href":"https:\/\/aqualie.org.br\/index.php\/wp-json\/wp\/v2\/pages\/597"}],"wp:featuredmedia":[{"embeddable":true,"href":"https:\/\/aqualie.org.br\/index.php\/wp-json\/wp\/v2\/media\/845"}],"wp:attachment":[{"href":"https:\/\/aqualie.org.br\/index.php\/wp-json\/wp\/v2\/media?parent=837"}],"curies":[{"name":"wp","href":"https:\/\/api.w.org\/{rel}","templated":true}]}}